{"id":7225,"date":"2023-12-05T09:46:24","date_gmt":"2023-12-05T08:46:24","guid":{"rendered":"https:\/\/alexgreathemp.com\/en\/?page_id=7225"},"modified":"2023-12-08T10:37:30","modified_gmt":"2023-12-08T09:37:30","slug":"varstvo-osebnih-podatkov","status":"publish","type":"page","link":"https:\/\/alexgreathemp.com\/en\/varstvo-osebnih-podatkov\/","title":{"rendered":"Personal Data Protection"},"content":{"rendered":"\t\t<div data-elementor-type=\"wp-page\" data-elementor-id=\"7225\" class=\"elementor elementor-7225\">\n\t\t\t\t\t\t\t\t\t<section class=\"elementor-section elementor-top-section elementor-element elementor-element-fc36432 elementor-section-height-min-height wgl-add-background-text elementor-section-boxed elementor-section-height-default elementor-section-items-middle wgl-animation-background-text\" data-id=\"fc36432\" data-element_type=\"section\" data-settings=\"{&quot;background_background&quot;:&quot;classic&quot;}\">\n\t\t\t\t\t\t<div class=\"elementor-container elementor-column-gap-default\">\n\t\t\t\t\t<div class=\"elementor-column elementor-col-100 elementor-top-column elementor-element elementor-element-5d9cf22\" data-id=\"5d9cf22\" data-element_type=\"column\">\n\t\t\t<div class=\"elementor-widget-wrap elementor-element-populated\">\n\t\t\t\t\t\t\t\t<div class=\"elementor-element elementor-element-0993217 elementor-widget elementor-widget-heading\" data-id=\"0993217\" data-element_type=\"widget\" data-widget_type=\"heading.default\">\n\t\t\t\t<div class=\"elementor-widget-container\">\n\t\t\t<h3 class=\"elementor-heading-title elementor-size-default\">COOKIES<\/h3>\t\t<\/div>\n\t\t\t\t<\/div>\n\t\t\t\t<div class=\"elementor-element elementor-element-cc2eeaf elementor-widget elementor-widget-text-editor\" data-id=\"cc2eeaf\" data-element_type=\"widget\" data-widget_type=\"text-editor.default\">\n\t\t\t\t<div class=\"elementor-widget-container\">\n\t\t\t\t\t\t\t<p><strong>What is a cookie?<\/strong><\/p><p>A cookie is a small text file that is transferred to your computer when you visit a website. Only the website that placed the cookie can read it. The cookie itself does not collect information.<\/p>\t\t\t\t\t\t<\/div>\n\t\t\t\t<\/div>\n\t\t\t\t<div class=\"elementor-element elementor-element-e16f3ed elementor-widget elementor-widget-text-editor\" data-id=\"e16f3ed\" data-element_type=\"widget\" data-widget_type=\"text-editor.default\">\n\t\t\t\t<div class=\"elementor-widget-container\">\n\t\t\t\t\t\t\t<p><b>What are they used for?<\/b><\/p><p>Cookies are used on our website to enhance your experience. They assist us in analyzing the usability of the appearance, text, and individual components of the site. All information is collected anonymously, and we cannot associate you personally with this information.<\/p>\t\t\t\t\t\t<\/div>\n\t\t\t\t<\/div>\n\t\t\t\t<div class=\"elementor-element elementor-element-55e29bd elementor-widget elementor-widget-text-editor\" data-id=\"55e29bd\" data-element_type=\"widget\" data-widget_type=\"text-editor.default\">\n\t\t\t\t<div class=\"elementor-widget-container\">\n\t\t\t\t\t\t\t<p><b>Third-Party Cookies<\/b>\u00a0<\/p><p>To enhance content on certain pages, we use content and components from social networks such as Facebook, Twitter, Pinterest, Instagram, and LinkedIn. If you share our content through these networks or use their services, these sites may load cookies that we cannot control. The terms of use for these cookies can be found on the pages of these social networks or were accepted by you when you became their member.<\/p>\t\t\t\t\t\t<\/div>\n\t\t\t\t<\/div>\n\t\t\t\t<div class=\"elementor-element elementor-element-01c6dd2 elementor-widget elementor-widget-heading\" data-id=\"01c6dd2\" data-element_type=\"widget\" data-widget_type=\"heading.default\">\n\t\t\t\t<div class=\"elementor-widget-container\">\n\t\t\t<h3 class=\"elementor-heading-title elementor-size-default\">Legal Notice<\/h3>\t\t<\/div>\n\t\t\t\t<\/div>\n\t\t\t\t<div class=\"elementor-element elementor-element-f638d9d elementor-widget elementor-widget-text-editor\" data-id=\"f638d9d\" data-element_type=\"widget\" data-widget_type=\"text-editor.default\">\n\t\t\t\t<div class=\"elementor-widget-container\">\n\t\t\t\t\t\t\t<p>The content and photographs published on the website Alex the Great Hemp are owned by KONOPLJA &#8211; Aleksandar \u017divkovi\u0107 s.p. and may only be used for non-commercial purposes, while also preserving all specified copyright or other rights notices. The content published on these web pages may be reproduced only for non-commercial purposes, with the obligation to retain all specified copyright or other rights notices. When using the content, the source must be credited.<\/p><p>The content published on these web pages must not be transcribed, reproduced, or otherwise distributed for commercial purposes without the explicit written permission of KONOPLJA &#8211; Aleksandar \u017divkovi\u0107 s.p.. Some images used on these web pages have been published on the internet and are considered public domain because they are not protected by copyright law. The sources of these images are so-called &#8216;free galleries.&#8217; If the use of an image violates copyright, please contact us, and the image will be removed.<br \/>Vsebine, objavljene na teh spletnih straneh, se ne sme prepisovati, razmno\u017eevati ali kako druga\u010de raz\u0161irjati v komercialne namene brez izrecnega pisnega dovoljenja KONOPLJA &#8211; Aleksandar \u017divkovi\u0107 s.p.. Nekatere slike, ki so uporabljene na teh spletnih straneh, so bile objavljene na internetu in se smatrajo za javno last, ker niso bile za\u0161\u010ditene z zakonom o avtorskih pravicah. Viri teh slik so tako imenovane \u201cfree galerije\u201d. \u010ce z uporabo slike kr\u0161im avtorske pravice, nas kontaktirajte in slika bo odstranjena.<\/p>\t\t\t\t\t\t<\/div>\n\t\t\t\t<\/div>\n\t\t\t\t<div class=\"elementor-element elementor-element-985f983 elementor-widget elementor-widget-heading\" data-id=\"985f983\" data-element_type=\"widget\" data-widget_type=\"heading.default\">\n\t\t\t\t<div class=\"elementor-widget-container\">\n\t\t\t<h3 class=\"elementor-heading-title elementor-size-default\">General Terms and Conditions for Receiving E-Newsletters<\/h3>\t\t<\/div>\n\t\t\t\t<\/div>\n\t\t\t\t<div class=\"elementor-element elementor-element-8247565 elementor-widget elementor-widget-text-editor\" data-id=\"8247565\" data-element_type=\"widget\" data-widget_type=\"text-editor.default\">\n\t\t\t\t<div class=\"elementor-widget-container\">\n\t\t\t\t\t\t\t<p>By signing up, you agree to the terms of receiving newsletters from KONOPLJA &#8211; Aleksandar \u017divkovi\u0107 s.p..By subscribing to the newsletter on the website, the recipient grants KONOPLJA &#8211; Aleksandar \u017divkovi\u0107 s.p. the collection, processing, and storage of the provided personal data, in accordance with the Personal Data Protection Act (ZVOP-1, Official Gazette of the Republic of Slovenia, No. 86\/2004, 67\/2007 UPB1).<\/p><p>KONOPLJA &#8211; Aleksandar \u017divkovi\u0107 s.p. (controller) will use the data obtained during the website registration exclusively for the following purposes:<\/p><ul><li>sending newsletters via email;<\/li><li>sending email messages with information about news, events, offers, and benefits, up to a maximum of 1 time per month;<\/li><li>communication regarding newsletters or orders;<\/li><li>conducting contests with participants via email;<\/li><li>statistical and market analysis; user segmentation; tracking clicks and email opens to improve and personalize email content;<\/li><li>The controller will protect the acquired data in accordance with the Personal Data Protection Act and its internal regulations adopted on the basis of the law.<\/li><li>The controller will not disclose or reveal the obtained data to third parties under any circumstances. The controller will retain personal data until the user withdraws their consent.<\/li><\/ul><p><b>The acquired data that is stored:<\/b><\/p><ul><li>email address: permanently or until revoked by its owner;<\/li><li>first and last name: permanently for the purpose of personalized email sending;<\/li><li>which messages the user has opened and which links they have clicked in the messages.<\/li><\/ul><p><b>The personal data controller must, upon the user&#8217;s request:<\/b><\/p><ul><li>confirm whether data concerning them is being processed and provide them with access to personal data related to them, as well as their transcription or copying;<\/li><li>provide an extract of personal data related to them;<\/li><li>provide information about the methods of data processing.<\/li><\/ul>\t\t\t\t\t\t<\/div>\n\t\t\t\t<\/div>\n\t\t\t\t<div class=\"elementor-element elementor-element-2db3128 elementor-widget-divider--view-line elementor-widget elementor-widget-divider\" data-id=\"2db3128\" data-element_type=\"widget\" data-widget_type=\"divider.default\">\n\t\t\t\t<div class=\"elementor-widget-container\">\n\t\t\t\t\t<div class=\"elementor-divider\">\n\t\t\t<span class=\"elementor-divider-separator\">\n\t\t\t\t\t\t<\/span>\n\t\t<\/div>\n\t\t\t\t<\/div>\n\t\t\t\t<\/div>\n\t\t\t\t<div class=\"elementor-element elementor-element-c425dc7 elementor-widget elementor-widget-spacer\" data-id=\"c425dc7\" data-element_type=\"widget\" data-widget_type=\"spacer.default\">\n\t\t\t\t<div class=\"elementor-widget-container\">\n\t\t\t\t\t<div class=\"elementor-spacer\">\n\t\t\t<div class=\"elementor-spacer-inner\"><\/div>\n\t\t<\/div>\n\t\t\t\t<\/div>\n\t\t\t\t<\/div>\n\t\t\t\t\t<\/div>\n\t\t<\/div>\n\t\t\t\t\t\t\t<\/div>\n\t\t<\/section>\n\t\t\t\t<section class=\"elementor-section elementor-top-section elementor-element elementor-element-395cae9 elementor-section-boxed elementor-section-height-default elementor-section-height-default\" data-id=\"395cae9\" data-element_type=\"section\">\n\t\t\t\t\t\t<div class=\"elementor-container elementor-column-gap-default\">\n\t\t\t\t\t<div class=\"elementor-column elementor-col-100 elementor-top-column elementor-element elementor-element-cab2cc3\" data-id=\"cab2cc3\" data-element_type=\"column\">\n\t\t\t<div class=\"elementor-widget-wrap elementor-element-populated\">\n\t\t\t\t\t\t\t\t<div class=\"elementor-element elementor-element-2d3353b elementor-widget elementor-widget-spacer\" data-id=\"2d3353b\" data-element_type=\"widget\" data-widget_type=\"spacer.default\">\n\t\t\t\t<div class=\"elementor-widget-container\">\n\t\t\t\t\t<div class=\"elementor-spacer\">\n\t\t\t<div class=\"elementor-spacer-inner\"><\/div>\n\t\t<\/div>\n\t\t\t\t<\/div>\n\t\t\t\t<\/div>\n\t\t\t\t\t<\/div>\n\t\t<\/div>\n\t\t\t\t\t\t\t<\/div>\n\t\t<\/section>\n\t\t\t\t<section class=\"elementor-section elementor-top-section elementor-element elementor-element-28909e3 elementor-section-full_width elementor-section-height-default elementor-section-height-default\" data-id=\"28909e3\" data-element_type=\"section\">\n\t\t\t\t\t\t<div class=\"elementor-container elementor-column-gap-no\">\n\t\t\t\t\t<div class=\"elementor-column elementor-col-100 elementor-top-column elementor-element elementor-element-3e43894\" data-id=\"3e43894\" data-element_type=\"column\">\n\t\t\t<div class=\"elementor-widget-wrap elementor-element-populated\">\n\t\t\t\t\t\t\t\t<div class=\"elementor-element elementor-element-0e2e2a3 elementor-widget elementor-widget-wgl-text-path\" data-id=\"0e2e2a3\" data-element_type=\"widget\" data-settings=\"{&quot;text&quot;:&quot;ALEX THE GREAT HEMP 100% ORGANIC CBD&quot;,&quot;divider_custom&quot;:&quot;\\u25cf&quot;,&quot;link&quot;:{&quot;url&quot;:&quot;&quot;,&quot;is_external&quot;:&quot;&quot;,&quot;nofollow&quot;:&quot;&quot;,&quot;custom_attributes&quot;:&quot;&quot;},&quot;animation_speed&quot;:30000,&quot;start_point&quot;:{&quot;unit&quot;:&quot;%&quot;,&quot;size&quot;:100,&quot;sizes&quot;:[]},&quot;start_point_laptop&quot;:{&quot;unit&quot;:&quot;px&quot;,&quot;size&quot;:&quot;&quot;,&quot;sizes&quot;:[]},&quot;start_point_tablet&quot;:{&quot;unit&quot;:&quot;px&quot;,&quot;size&quot;:&quot;&quot;,&quot;sizes&quot;:[]},&quot;start_point_mobile_extra&quot;:{&quot;unit&quot;:&quot;px&quot;,&quot;size&quot;:&quot;&quot;,&quot;sizes&quot;:[]},&quot;start_point_mobile&quot;:{&quot;unit&quot;:&quot;px&quot;,&quot;size&quot;:&quot;&quot;,&quot;sizes&quot;:[]},&quot;end_point&quot;:{&quot;unit&quot;:&quot;%&quot;,&quot;size&quot;:-10,&quot;sizes&quot;:[]},&quot;end_point_laptop&quot;:{&quot;unit&quot;:&quot;px&quot;,&quot;size&quot;:&quot;&quot;,&quot;sizes&quot;:[]},&quot;end_point_tablet&quot;:{&quot;unit&quot;:&quot;px&quot;,&quot;size&quot;:&quot;&quot;,&quot;sizes&quot;:[]},&quot;end_point_mobile_extra&quot;:{&quot;unit&quot;:&quot;px&quot;,&quot;size&quot;:&quot;&quot;,&quot;sizes&quot;:[]},&quot;end_point_mobile&quot;:{&quot;unit&quot;:&quot;px&quot;,&quot;size&quot;:&quot;&quot;,&quot;sizes&quot;:[]}}\" data-widget_type=\"wgl-text-path.default\">\n\t\t\t\t<div class=\"elementor-widget-container\">\n\t\t\t\t\t<div class=\"wgl-text-path loop_animation  clone_text add_divider stop_on_hover\" data-backspace-count=\"\" data-d-type=\"custom\" data-d-custom=\"\u25cf\" data-type-svg=\"wgl_line_simple\" data-text=\"ALEX THE GREAT HEMP 100% ORGANIC CBD\">\n\t\t\t<div class=\"simple_line\"><\/div>\t\t<\/div>\n\t\t\t\t<\/div>\n\t\t\t\t<\/div>\n\t\t\t\t\t<\/div>\n\t\t<\/div>\n\t\t\t\t\t\t\t<\/div>\n\t\t<\/section>\n\t\t\t\t\t\t\t<\/div>\n\t\t","protected":false},"excerpt":{"rendered":"<p>COOKIES What is a cookie? A cookie is a small text file that is transferred to your computer when you visit a website. Only the website that placed the cookie can read it. The cookie itself does not collect information. What are they used for? Cookies are used on our website to enhance your experience. [&hellip;]<\/p>\n","protected":false},"author":1,"featured_media":0,"parent":0,"menu_order":0,"comment_status":"closed","ping_status":"closed","template":"","meta":{"footnotes":""},"class_list":["post-7225","page","type-page","status-publish","hentry"],"yoast_head":"<!-- This site is optimized with the Yoast SEO plugin v19.3 - https:\/\/yoast.com\/wordpress\/plugins\/seo\/ -->\n<title>Personal Data Protection - ALEX THE GREAT HEMP<\/title>\n<meta name=\"robots\" content=\"index, follow, max-snippet:-1, max-image-preview:large, max-video-preview:-1\" \/>\n<link rel=\"canonical\" href=\"https:\/\/alexgreathemp.com\/en\/varstvo-osebnih-podatkov\/\" \/>\n<meta property=\"og:locale\" content=\"en_US\" \/>\n<meta property=\"og:type\" content=\"article\" \/>\n<meta property=\"og:title\" content=\"Personal Data Protection - ALEX THE GREAT HEMP\" \/>\n<meta property=\"og:description\" content=\"COOKIES What is a cookie? A cookie is a small text file that is transferred to your computer when you visit a website. Only the website that placed the cookie can read it. The cookie itself does not collect information. What are they used for? Cookies are used on our website to enhance your experience. [&hellip;]\" \/>\n<meta property=\"og:url\" content=\"https:\/\/alexgreathemp.com\/en\/varstvo-osebnih-podatkov\/\" \/>\n<meta property=\"og:site_name\" content=\"ALEX THE GREAT HEMP\" \/>\n<meta property=\"article:modified_time\" content=\"2023-12-08T09:37:30+00:00\" \/>\n<meta name=\"twitter:card\" content=\"summary_large_image\" \/>\n<meta name=\"twitter:label1\" content=\"Est. reading time\" \/>\n\t<meta name=\"twitter:data1\" content=\"9 minutes\" \/>\n<script type=\"application\/ld+json\" class=\"yoast-schema-graph\">{\"@context\":\"https:\/\/schema.org\",\"@graph\":[{\"@type\":\"WebSite\",\"@id\":\"https:\/\/alexgreathemp.com\/en\/#website\",\"url\":\"https:\/\/alexgreathemp.com\/en\/\",\"name\":\"ALEX THE GREAT HEMP\",\"description\":\"Kapljica cbd za bolj\u0161e po\u010dutje, umirjenost in globok spanec.\",\"potentialAction\":[{\"@type\":\"SearchAction\",\"target\":{\"@type\":\"EntryPoint\",\"urlTemplate\":\"https:\/\/alexgreathemp.com\/en\/?s={search_term_string}\"},\"query-input\":\"required name=search_term_string\"}],\"inLanguage\":\"en-US\"},{\"@type\":\"WebPage\",\"@id\":\"https:\/\/alexgreathemp.com\/en\/varstvo-osebnih-podatkov\/\",\"url\":\"https:\/\/alexgreathemp.com\/en\/varstvo-osebnih-podatkov\/\",\"name\":\"Personal Data Protection - ALEX THE GREAT HEMP\",\"isPartOf\":{\"@id\":\"https:\/\/alexgreathemp.com\/en\/#website\"},\"datePublished\":\"2023-12-05T08:46:24+00:00\",\"dateModified\":\"2023-12-08T09:37:30+00:00\",\"breadcrumb\":{\"@id\":\"https:\/\/alexgreathemp.com\/en\/varstvo-osebnih-podatkov\/#breadcrumb\"},\"inLanguage\":\"en-US\",\"potentialAction\":[{\"@type\":\"ReadAction\",\"target\":[\"https:\/\/alexgreathemp.com\/en\/varstvo-osebnih-podatkov\/\"]}]},{\"@type\":\"BreadcrumbList\",\"@id\":\"https:\/\/alexgreathemp.com\/en\/varstvo-osebnih-podatkov\/#breadcrumb\",\"itemListElement\":[{\"@type\":\"ListItem\",\"position\":1,\"name\":\"Po\u010detna stranica\",\"item\":\"https:\/\/alexgreathemp.com\/en\/\"},{\"@type\":\"ListItem\",\"position\":2,\"name\":\"Personal Data Protection\"}]}]}<\/script>\n<!-- \/ Yoast SEO plugin. -->","yoast_head_json":{"title":"Personal Data Protection - ALEX THE GREAT HEMP","robots":{"index":"index","follow":"follow","max-snippet":"max-snippet:-1","max-image-preview":"max-image-preview:large","max-video-preview":"max-video-preview:-1"},"canonical":"https:\/\/alexgreathemp.com\/en\/varstvo-osebnih-podatkov\/","og_locale":"en_US","og_type":"article","og_title":"Personal Data Protection - ALEX THE GREAT HEMP","og_description":"COOKIES What is a cookie? A cookie is a small text file that is transferred to your computer when you visit a website. Only the website that placed the cookie can read it. The cookie itself does not collect information. What are they used for? Cookies are used on our website to enhance your experience. [&hellip;]","og_url":"https:\/\/alexgreathemp.com\/en\/varstvo-osebnih-podatkov\/","og_site_name":"ALEX THE GREAT HEMP","article_modified_time":"2023-12-08T09:37:30+00:00","twitter_card":"summary_large_image","twitter_misc":{"Est. reading time":"9 minutes"},"schema":{"@context":"https:\/\/schema.org","@graph":[{"@type":"WebSite","@id":"https:\/\/alexgreathemp.com\/en\/#website","url":"https:\/\/alexgreathemp.com\/en\/","name":"ALEX THE GREAT HEMP","description":"Kapljica cbd za bolj\u0161e po\u010dutje, umirjenost in globok spanec.","potentialAction":[{"@type":"SearchAction","target":{"@type":"EntryPoint","urlTemplate":"https:\/\/alexgreathemp.com\/en\/?s={search_term_string}"},"query-input":"required name=search_term_string"}],"inLanguage":"en-US"},{"@type":"WebPage","@id":"https:\/\/alexgreathemp.com\/en\/varstvo-osebnih-podatkov\/","url":"https:\/\/alexgreathemp.com\/en\/varstvo-osebnih-podatkov\/","name":"Personal Data Protection - ALEX THE GREAT HEMP","isPartOf":{"@id":"https:\/\/alexgreathemp.com\/en\/#website"},"datePublished":"2023-12-05T08:46:24+00:00","dateModified":"2023-12-08T09:37:30+00:00","breadcrumb":{"@id":"https:\/\/alexgreathemp.com\/en\/varstvo-osebnih-podatkov\/#breadcrumb"},"inLanguage":"en-US","potentialAction":[{"@type":"ReadAction","target":["https:\/\/alexgreathemp.com\/en\/varstvo-osebnih-podatkov\/"]}]},{"@type":"BreadcrumbList","@id":"https:\/\/alexgreathemp.com\/en\/varstvo-osebnih-podatkov\/#breadcrumb","itemListElement":[{"@type":"ListItem","position":1,"name":"Po\u010detna stranica","item":"https:\/\/alexgreathemp.com\/en\/"},{"@type":"ListItem","position":2,"name":"Personal Data Protection"}]}]}},"_links":{"self":[{"href":"https:\/\/alexgreathemp.com\/en\/wp-json\/wp\/v2\/pages\/7225","targetHints":{"allow":["GET"]}}],"collection":[{"href":"https:\/\/alexgreathemp.com\/en\/wp-json\/wp\/v2\/pages"}],"about":[{"href":"https:\/\/alexgreathemp.com\/en\/wp-json\/wp\/v2\/types\/page"}],"author":[{"embeddable":true,"href":"https:\/\/alexgreathemp.com\/en\/wp-json\/wp\/v2\/users\/1"}],"replies":[{"embeddable":true,"href":"https:\/\/alexgreathemp.com\/en\/wp-json\/wp\/v2\/comments?post=7225"}],"version-history":[{"count":17,"href":"https:\/\/alexgreathemp.com\/en\/wp-json\/wp\/v2\/pages\/7225\/revisions"}],"predecessor-version":[{"id":7602,"href":"https:\/\/alexgreathemp.com\/en\/wp-json\/wp\/v2\/pages\/7225\/revisions\/7602"}],"wp:attachment":[{"href":"https:\/\/alexgreathemp.com\/en\/wp-json\/wp\/v2\/media?parent=7225"}],"curies":[{"name":"wp","href":"https:\/\/api.w.org\/{rel}","templated":true}]}}