{"id":5888,"date":"2022-05-11T11:44:48","date_gmt":"2022-05-11T09:44:48","guid":{"rendered":"https:\/\/alexgreathemp.com\/en\/?page_id=5888"},"modified":"2023-08-02T14:13:50","modified_gmt":"2023-08-02T12:13:50","slug":"blog","status":"publish","type":"page","link":"https:\/\/alexgreathemp.com\/en\/blog\/","title":{"rendered":"#CBDblog"},"content":{"rendered":"\t\t<div data-elementor-type=\"wp-page\" data-elementor-id=\"5888\" class=\"elementor elementor-5888\">\n\t\t\t\t\t\t\t\t\t<section class=\"elementor-section elementor-top-section elementor-element elementor-element-078ea91 elementor-section-boxed elementor-section-height-default elementor-section-height-default\" data-id=\"078ea91\" data-element_type=\"section\">\n\t\t\t\t\t\t<div class=\"elementor-container elementor-column-gap-default\">\n\t\t\t\t\t<div class=\"elementor-column elementor-col-100 elementor-top-column elementor-element elementor-element-5ae965b\" data-id=\"5ae965b\" data-element_type=\"column\">\n\t\t\t<div class=\"elementor-widget-wrap elementor-element-populated\">\n\t\t\t\t\t\t\t\t<div class=\"elementor-element elementor-element-74289bc elementor-grid-2 elementor-grid-tablet-2 elementor-grid-mobile-1 elementor-posts--thumbnail-top elementor-card-shadow-yes elementor-posts__hover-gradient elementor-widget elementor-widget-posts\" data-id=\"74289bc\" data-element_type=\"widget\" data-settings=\"{&quot;cards_columns&quot;:&quot;2&quot;,&quot;pagination_type&quot;:&quot;load_more_infinite_scroll&quot;,&quot;cards_columns_tablet&quot;:&quot;2&quot;,&quot;cards_columns_mobile&quot;:&quot;1&quot;,&quot;cards_row_gap&quot;:{&quot;unit&quot;:&quot;px&quot;,&quot;size&quot;:35,&quot;sizes&quot;:[]},&quot;cards_row_gap_laptop&quot;:{&quot;unit&quot;:&quot;px&quot;,&quot;size&quot;:&quot;&quot;,&quot;sizes&quot;:[]},&quot;cards_row_gap_tablet&quot;:{&quot;unit&quot;:&quot;px&quot;,&quot;size&quot;:&quot;&quot;,&quot;sizes&quot;:[]},&quot;cards_row_gap_mobile_extra&quot;:{&quot;unit&quot;:&quot;px&quot;,&quot;size&quot;:&quot;&quot;,&quot;sizes&quot;:[]},&quot;cards_row_gap_mobile&quot;:{&quot;unit&quot;:&quot;px&quot;,&quot;size&quot;:&quot;&quot;,&quot;sizes&quot;:[]},&quot;load_more_spinner&quot;:{&quot;value&quot;:&quot;fas fa-spinner&quot;,&quot;library&quot;:&quot;fa-solid&quot;}}\" data-widget_type=\"posts.cards\">\n\t\t\t\t<div class=\"elementor-widget-container\">\n\t\t\t\t\t<div class=\"elementor-posts-container elementor-posts elementor-posts--skin-cards elementor-grid\">\n\t\t\t\t<article class=\"elementor-post elementor-grid-item post-6880 post type-post status-publish format-standard has-post-thumbnail hentry category-naturesfocus category-cbd-oil-drops tag-100-organic tag-award-winning tag-cbd tag-cbd-drops tag-cbd-oil tag-premium-grade\">\n\t\t\t<div class=\"elementor-post__card\">\n\t\t\t\t<a class=\"elementor-post__thumbnail__link\" href=\"https:\/\/alexgreathemp.com\/en\/alexs-story\/\" ><div class=\"elementor-post__thumbnail\"><img loading=\"lazy\" decoding=\"async\" width=\"300\" height=\"149\" src=\"https:\/\/alexgreathemp.com\/en\/wp-content\/uploads\/2023\/08\/agh-ekofarm-aleksander-10-300x149.jpg\" class=\"attachment-medium size-medium\" alt=\"\" srcset=\"https:\/\/alexgreathemp.com\/en\/wp-content\/uploads\/2023\/08\/agh-ekofarm-aleksander-10-300x149.jpg 300w, https:\/\/alexgreathemp.com\/en\/wp-content\/uploads\/2023\/08\/agh-ekofarm-aleksander-10-1024x509.jpg 1024w, https:\/\/alexgreathemp.com\/en\/wp-content\/uploads\/2023\/08\/agh-ekofarm-aleksander-10-768x382.jpg 768w, https:\/\/alexgreathemp.com\/en\/wp-content\/uploads\/2023\/08\/agh-ekofarm-aleksander-10-1536x763.jpg 1536w, https:\/\/alexgreathemp.com\/en\/wp-content\/uploads\/2023\/08\/agh-ekofarm-aleksander-10-2048x1018.jpg 2048w, https:\/\/alexgreathemp.com\/en\/wp-content\/uploads\/2023\/08\/agh-ekofarm-aleksander-10-1080x537.jpg 1080w\" sizes=\"auto, (max-width: 300px) 100vw, 300px\" \/><\/div><\/a>\n\t\t\t\t<div class=\"elementor-post__badge\">#naturesfocus<\/div>\n\t\t\t\t<div class=\"elementor-post__text\">\n\t\t\t\t<h3 class=\"elementor-post__title\">\n\t\t\t<a href=\"https:\/\/alexgreathemp.com\/en\/alexs-story\/\" >\n\t\t\t\tAlexander the Great conquered the entire known world at the time. Alex the Great Hemp has conquered the world of Organic Industrial Hemp!\t\t\t<\/a>\n\t\t<\/h3>\n\t\t\t\t<div class=\"elementor-post__excerpt\">\n\t\t\t<p>HISTORY TIME Alexander the Great &amp; the Tree of Life Alexander the Great conquered the entire known world at the time. But why? The hidden<\/p>\n\t\t<\/div>\n\t\t\t\t\t<a class=\"elementor-post__read-more\" href=\"https:\/\/alexgreathemp.com\/en\/alexs-story\/\" >\n\t\t\t\tREAD MORE \u00bb\t\t\t<\/a>\n\t\t\t\t<\/div>\n\t\t\t\t<div class=\"elementor-post__meta-data\">\n\t\t\t\t\t<span class=\"elementor-post-date\">\n\t\t\t3. August, 2023\t\t<\/span>\n\t\t\t\t<span class=\"elementor-post-avatar\">\n\t\t\tNo Comments\t\t<\/span>\n\t\t\t\t<\/div>\n\t\t\t\t\t<\/div>\n\t\t<\/article>\n\t\t\t\t<article class=\"elementor-post elementor-grid-item post-5987 post type-post status-publish format-standard has-post-thumbnail hentry category-naturesfocus category-cbd-oil-drops tag-100-organic tag-award-winning tag-cbd tag-cbd-drops tag-cbd-oil tag-premium-grade\">\n\t\t\t<div class=\"elementor-post__card\">\n\t\t\t\t<a class=\"elementor-post__thumbnail__link\" href=\"https:\/\/alexgreathemp.com\/en\/cbd-za-boljsi-fokus\/\" ><div class=\"elementor-post__thumbnail\"><img loading=\"lazy\" decoding=\"async\" width=\"300\" height=\"149\" src=\"https:\/\/alexgreathemp.com\/en\/wp-content\/uploads\/2023\/08\/agh-ekofarm-aleksander-10-300x149.jpg\" class=\"attachment-medium size-medium\" alt=\"\" srcset=\"https:\/\/alexgreathemp.com\/en\/wp-content\/uploads\/2023\/08\/agh-ekofarm-aleksander-10-300x149.jpg 300w, https:\/\/alexgreathemp.com\/en\/wp-content\/uploads\/2023\/08\/agh-ekofarm-aleksander-10-1024x509.jpg 1024w, https:\/\/alexgreathemp.com\/en\/wp-content\/uploads\/2023\/08\/agh-ekofarm-aleksander-10-768x382.jpg 768w, https:\/\/alexgreathemp.com\/en\/wp-content\/uploads\/2023\/08\/agh-ekofarm-aleksander-10-1536x763.jpg 1536w, https:\/\/alexgreathemp.com\/en\/wp-content\/uploads\/2023\/08\/agh-ekofarm-aleksander-10-2048x1018.jpg 2048w, https:\/\/alexgreathemp.com\/en\/wp-content\/uploads\/2023\/08\/agh-ekofarm-aleksander-10-1080x537.jpg 1080w\" sizes=\"auto, (max-width: 300px) 100vw, 300px\" \/><\/div><\/a>\n\t\t\t\t<div class=\"elementor-post__badge\">#naturesfocus<\/div>\n\t\t\t\t<div class=\"elementor-post__text\">\n\t\t\t\t<h3 class=\"elementor-post__title\">\n\t\t\t<a href=\"https:\/\/alexgreathemp.com\/en\/cbd-za-boljsi-fokus\/\" >\n\t\t\t\tCBD za bolj\u0161i fokus: 3 velike koristi za va\u0161 fokus &#8211; vrnite ga nazaj!\t\t\t<\/a>\n\t\t<\/h3>\n\t\t\t\t<div class=\"elementor-post__excerpt\">\n\t\t\t<p>100% ORGANSKA KONOPLJA Pogovorimo se o &#8220;fokusu&#8221; Verjetno ste CBD spoznali zaradi njegovih u\u010dinkov, ki bla\u017eijo stres, zmanj\u0161ujejo nelagodje in spodbujajo spanje. Toda ali ste<\/p>\n\t\t<\/div>\n\t\t\t\t\t<a class=\"elementor-post__read-more\" href=\"https:\/\/alexgreathemp.com\/en\/cbd-za-boljsi-fokus\/\" >\n\t\t\t\tREAD MORE \u00bb\t\t\t<\/a>\n\t\t\t\t<\/div>\n\t\t\t\t<div class=\"elementor-post__meta-data\">\n\t\t\t\t\t<span class=\"elementor-post-date\">\n\t\t\t1. August, 2023\t\t<\/span>\n\t\t\t\t<span class=\"elementor-post-avatar\">\n\t\t\tNo Comments\t\t<\/span>\n\t\t\t\t<\/div>\n\t\t\t\t\t<\/div>\n\t\t<\/article>\n\t\t\t\t<\/div>\n\n\n\t\t\t\t\t<span class=\"e-load-more-spinner\">\n\t\t\t\t<i aria-hidden=\"true\" class=\"fas fa-spinner\"><\/i>\t\t\t<\/span>\n\t\t\n\t\t\t\t<\/div>\n\t\t\t\t<\/div>\n\t\t\t\t\t<\/div>\n\t\t<\/div>\n\t\t\t\t\t\t\t<\/div>\n\t\t<\/section>\n\t\t\t\t\t\t\t<\/div>\n\t\t","protected":false},"excerpt":{"rendered":"","protected":false},"author":1,"featured_media":0,"parent":0,"menu_order":0,"comment_status":"closed","ping_status":"closed","template":"","meta":{"footnotes":""},"class_list":["post-5888","page","type-page","status-publish","hentry"],"yoast_head":"<!-- This site is optimized with the Yoast SEO plugin v19.3 - https:\/\/yoast.com\/wordpress\/plugins\/seo\/ -->\n<title>ALEX THE GREAT HEMP - #CBDblog<\/title>\n<meta name=\"robots\" content=\"index, follow, max-snippet:-1, max-image-preview:large, max-video-preview:-1\" \/>\n<link rel=\"canonical\" href=\"https:\/\/alexgreathemp.com\/en\/blog\/\" \/>\n<meta property=\"og:locale\" content=\"en_US\" \/>\n<meta property=\"og:type\" content=\"article\" \/>\n<meta property=\"og:title\" content=\"ALEX THE GREAT HEMP - #CBDblog\" \/>\n<meta property=\"og:url\" content=\"https:\/\/alexgreathemp.com\/en\/blog\/\" \/>\n<meta property=\"og:site_name\" content=\"ALEX THE GREAT HEMP\" \/>\n<meta property=\"article:modified_time\" content=\"2023-08-02T12:13:50+00:00\" \/>\n<meta name=\"twitter:card\" content=\"summary_large_image\" \/>\n<script type=\"application\/ld+json\" class=\"yoast-schema-graph\">{\"@context\":\"https:\/\/schema.org\",\"@graph\":[{\"@type\":\"WebSite\",\"@id\":\"https:\/\/alexgreathemp.com\/en\/#website\",\"url\":\"https:\/\/alexgreathemp.com\/en\/\",\"name\":\"ALEX THE GREAT HEMP\",\"description\":\"Kapljica cbd za bolj\u0161e po\u010dutje, umirjenost in globok spanec.\",\"potentialAction\":[{\"@type\":\"SearchAction\",\"target\":{\"@type\":\"EntryPoint\",\"urlTemplate\":\"https:\/\/alexgreathemp.com\/en\/?s={search_term_string}\"},\"query-input\":\"required name=search_term_string\"}],\"inLanguage\":\"en-US\"},{\"@type\":\"WebPage\",\"@id\":\"https:\/\/alexgreathemp.com\/en\/blog\/\",\"url\":\"https:\/\/alexgreathemp.com\/en\/blog\/\",\"name\":\"ALEX THE GREAT HEMP - #CBDblog\",\"isPartOf\":{\"@id\":\"https:\/\/alexgreathemp.com\/en\/#website\"},\"datePublished\":\"2022-05-11T09:44:48+00:00\",\"dateModified\":\"2023-08-02T12:13:50+00:00\",\"breadcrumb\":{\"@id\":\"https:\/\/alexgreathemp.com\/en\/blog\/#breadcrumb\"},\"inLanguage\":\"en-US\",\"potentialAction\":[{\"@type\":\"ReadAction\",\"target\":[\"https:\/\/alexgreathemp.com\/en\/blog\/\"]}]},{\"@type\":\"BreadcrumbList\",\"@id\":\"https:\/\/alexgreathemp.com\/en\/blog\/#breadcrumb\",\"itemListElement\":[{\"@type\":\"ListItem\",\"position\":1,\"name\":\"Po\u010detna stranica\",\"item\":\"https:\/\/alexgreathemp.com\/en\/\"},{\"@type\":\"ListItem\",\"position\":2,\"name\":\"#CBDblog\"}]}]}<\/script>\n<!-- \/ Yoast SEO plugin. -->","yoast_head_json":{"title":"ALEX THE GREAT HEMP - #CBDblog","robots":{"index":"index","follow":"follow","max-snippet":"max-snippet:-1","max-image-preview":"max-image-preview:large","max-video-preview":"max-video-preview:-1"},"canonical":"https:\/\/alexgreathemp.com\/en\/blog\/","og_locale":"en_US","og_type":"article","og_title":"ALEX THE GREAT HEMP - #CBDblog","og_url":"https:\/\/alexgreathemp.com\/en\/blog\/","og_site_name":"ALEX THE GREAT HEMP","article_modified_time":"2023-08-02T12:13:50+00:00","twitter_card":"summary_large_image","schema":{"@context":"https:\/\/schema.org","@graph":[{"@type":"WebSite","@id":"https:\/\/alexgreathemp.com\/en\/#website","url":"https:\/\/alexgreathemp.com\/en\/","name":"ALEX THE GREAT HEMP","description":"Kapljica cbd za bolj\u0161e po\u010dutje, umirjenost in globok spanec.","potentialAction":[{"@type":"SearchAction","target":{"@type":"EntryPoint","urlTemplate":"https:\/\/alexgreathemp.com\/en\/?s={search_term_string}"},"query-input":"required name=search_term_string"}],"inLanguage":"en-US"},{"@type":"WebPage","@id":"https:\/\/alexgreathemp.com\/en\/blog\/","url":"https:\/\/alexgreathemp.com\/en\/blog\/","name":"ALEX THE GREAT HEMP - #CBDblog","isPartOf":{"@id":"https:\/\/alexgreathemp.com\/en\/#website"},"datePublished":"2022-05-11T09:44:48+00:00","dateModified":"2023-08-02T12:13:50+00:00","breadcrumb":{"@id":"https:\/\/alexgreathemp.com\/en\/blog\/#breadcrumb"},"inLanguage":"en-US","potentialAction":[{"@type":"ReadAction","target":["https:\/\/alexgreathemp.com\/en\/blog\/"]}]},{"@type":"BreadcrumbList","@id":"https:\/\/alexgreathemp.com\/en\/blog\/#breadcrumb","itemListElement":[{"@type":"ListItem","position":1,"name":"Po\u010detna stranica","item":"https:\/\/alexgreathemp.com\/en\/"},{"@type":"ListItem","position":2,"name":"#CBDblog"}]}]}},"_links":{"self":[{"href":"https:\/\/alexgreathemp.com\/en\/wp-json\/wp\/v2\/pages\/5888","targetHints":{"allow":["GET"]}}],"collection":[{"href":"https:\/\/alexgreathemp.com\/en\/wp-json\/wp\/v2\/pages"}],"about":[{"href":"https:\/\/alexgreathemp.com\/en\/wp-json\/wp\/v2\/types\/page"}],"author":[{"embeddable":true,"href":"https:\/\/alexgreathemp.com\/en\/wp-json\/wp\/v2\/users\/1"}],"replies":[{"embeddable":true,"href":"https:\/\/alexgreathemp.com\/en\/wp-json\/wp\/v2\/comments?post=5888"}],"version-history":[{"count":15,"href":"https:\/\/alexgreathemp.com\/en\/wp-json\/wp\/v2\/pages\/5888\/revisions"}],"predecessor-version":[{"id":6809,"href":"https:\/\/alexgreathemp.com\/en\/wp-json\/wp\/v2\/pages\/5888\/revisions\/6809"}],"wp:attachment":[{"href":"https:\/\/alexgreathemp.com\/en\/wp-json\/wp\/v2\/media?parent=5888"}],"curies":[{"name":"wp","href":"https:\/\/api.w.org\/{rel}","templated":true}]}}