{"id":5522,"date":"2022-04-14T12:53:47","date_gmt":"2022-04-14T11:53:47","guid":{"rendered":"https:\/\/alexgreathemp.com\/en\/?page_id=5522"},"modified":"2024-03-11T12:17:41","modified_gmt":"2024-03-11T11:17:41","slug":"contact","status":"publish","type":"page","link":"https:\/\/alexgreathemp.com\/en\/contact\/","title":{"rendered":"CONTACT &#8211; Aleksander Rengeo"},"content":{"rendered":"\t\t<div data-elementor-type=\"wp-page\" data-elementor-id=\"5522\" class=\"elementor elementor-5522\">\n\t\t\t\t\t\t\t\t\t<section class=\"elementor-section elementor-top-section elementor-element elementor-element-fc36432 elementor-section-height-min-height wgl-add-background-text elementor-section-boxed elementor-section-height-default elementor-section-items-middle wgl-animation-background-text\" data-id=\"fc36432\" data-element_type=\"section\" data-settings=\"{&quot;background_background&quot;:&quot;classic&quot;}\">\n\t\t\t\t\t\t<div class=\"elementor-container elementor-column-gap-default\">\n\t\t\t\t\t<div class=\"elementor-column elementor-col-33 elementor-top-column elementor-element elementor-element-5d9cf22\" data-id=\"5d9cf22\" data-element_type=\"column\">\n\t\t\t<div class=\"elementor-widget-wrap elementor-element-populated\">\n\t\t\t\t\t\t\t\t<div class=\"elementor-element elementor-element-e108c53 aleft elementor-widget elementor-widget-wgl-double-heading\" data-id=\"e108c53\" data-element_type=\"widget\" data-widget_type=\"wgl-double-heading.default\">\n\t\t\t\t<div class=\"elementor-widget-container\">\n\t\t\t<div class=\"wgl-double-heading\"><div class=\"dblh__subtitle\"><span>100% ORGANIC HEMP<\/span><\/div><h2 class=\"dblh__title-wrapper\"><span class=\"dblh__title dblh__title-1\">Contact<\/span><\/h2><\/div>\t\t<\/div>\n\t\t\t\t<\/div>\n\t\t\t\t<div class=\"elementor-element elementor-element-b13a914 elementor-widget elementor-widget-heading\" data-id=\"b13a914\" data-element_type=\"widget\" data-widget_type=\"heading.default\">\n\t\t\t\t<div class=\"elementor-widget-container\">\n\t\t\t<h2 class=\"elementor-heading-title elementor-size-default\">KONOPLJA -<br>\nAleksandar \u017divkovi\u0107 s.p.<br>\nZgornja Ro\u010dica 11,<br>\n2233 SV. ANA V SLOVENSKIH GORICAH<\/h2>\t\t<\/div>\n\t\t\t\t<\/div>\n\t\t\t\t<div class=\"elementor-element elementor-element-c425dc7 elementor-widget elementor-widget-spacer\" data-id=\"c425dc7\" data-element_type=\"widget\" data-widget_type=\"spacer.default\">\n\t\t\t\t<div class=\"elementor-widget-container\">\n\t\t\t\t\t<div class=\"elementor-spacer\">\n\t\t\t<div class=\"elementor-spacer-inner\"><\/div>\n\t\t<\/div>\n\t\t\t\t<\/div>\n\t\t\t\t<\/div>\n\t\t\t\t\t<\/div>\n\t\t<\/div>\n\t\t\t\t<div class=\"elementor-column elementor-col-66 elementor-top-column elementor-element elementor-element-6fa93f0\" data-id=\"6fa93f0\" data-element_type=\"column\">\n\t\t\t<div class=\"elementor-widget-wrap elementor-element-populated\">\n\t\t\t\t\t\t\t\t<div class=\"elementor-element elementor-element-06878d0 elementor-button-align-stretch elementor-widget elementor-widget-form\" data-id=\"06878d0\" data-element_type=\"widget\" data-settings=\"{&quot;step_next_label&quot;:&quot;Next&quot;,&quot;step_previous_label&quot;:&quot;Previous&quot;,&quot;button_width&quot;:&quot;100&quot;,&quot;step_type&quot;:&quot;number_text&quot;,&quot;step_icon_shape&quot;:&quot;circle&quot;}\" data-widget_type=\"form.default\">\n\t\t\t\t<div class=\"elementor-widget-container\">\n\t\t\t\t\t<form class=\"elementor-form\" method=\"post\" name=\"KONTAKT obrazac\">\n\t\t\t<input type=\"hidden\" name=\"post_id\" value=\"5522\"\/>\n\t\t\t<input type=\"hidden\" name=\"form_id\" value=\"06878d0\"\/>\n\t\t\t<input type=\"hidden\" name=\"referer_title\" value=\"ALEX THE GREAT HEMP\" \/>\n\n\t\t\t\n\t\t\t<div class=\"elementor-form-fields-wrapper elementor-labels-above\">\n\t\t\t\t\t\t\t\t<div class=\"elementor-field-type-text elementor-field-group elementor-column elementor-field-group-name elementor-col-100 elementor-field-required\">\n\t\t\t\t\t\t\t\t\t\t\t\t\t<input size=\"1\" type=\"text\" name=\"form_fields[name]\" id=\"form-field-name\" class=\"elementor-field elementor-size-md  elementor-field-textual\" placeholder=\"Name\" required=\"required\" aria-required=\"true\">\n\t\t\t\t\t\t\t\t\t\t\t<\/div>\n\t\t\t\t\t\t\t\t<div class=\"elementor-field-type-email elementor-field-group elementor-column elementor-field-group-email elementor-col-100 elementor-field-required\">\n\t\t\t\t\t\t\t\t\t\t\t\t\t<input size=\"1\" type=\"email\" name=\"form_fields[email]\" id=\"form-field-email\" class=\"elementor-field elementor-size-md  elementor-field-textual\" placeholder=\"E-mail\" required=\"required\" aria-required=\"true\">\n\t\t\t\t\t\t\t\t\t\t\t<\/div>\n\t\t\t\t\t\t\t\t<div class=\"elementor-field-type-textarea elementor-field-group elementor-column elementor-field-group-message elementor-col-100 elementor-field-required\">\n\t\t\t\t\t\t\t\t\t\t\t\t<label for=\"form-field-message\" class=\"elementor-field-label\">\n\t\t\t\t\t\t\t\tSend us an inquiry regarding product availability, and we will send you an offer...\t\t\t\t\t\t\t<\/label>\n\t\t\t\t\t\t<textarea class=\"elementor-field-textual elementor-field  elementor-size-md\" name=\"form_fields[message]\" id=\"form-field-message\" rows=\"4\" required=\"required\" aria-required=\"true\"><\/textarea>\t\t\t\t<\/div>\n\t\t\t\t\t\t\t\t<div class=\"elementor-field-group elementor-column elementor-field-type-submit elementor-col-100 e-form__buttons\">\n\t\t\t\t\t<button type=\"submit\" class=\"elementor-button elementor-size-sm\">\n\t\t\t\t\t\t<span >\n\t\t\t\t\t\t\t\t\t\t\t\t\t\t\t<span class=\" elementor-button-icon\">\n\t\t\t\t\t\t\t\t\t\t\t\t\t\t\t\t\t\t\t\t\t\t\t\t\t\t<\/span>\n\t\t\t\t\t\t\t\t\t\t\t\t\t\t\t\t\t\t\t\t\t\t<span class=\"elementor-button-text\">CONTACT US<\/span>\n\t\t\t\t\t\t\t\t\t\t\t\t\t<\/span>\n\t\t\t\t\t<\/button>\n\t\t\t\t<\/div>\n\t\t\t<\/div>\n\t\t<\/form>\n\t\t\t\t<\/div>\n\t\t\t\t<\/div>\n\t\t\t\t\t<\/div>\n\t\t<\/div>\n\t\t\t\t\t\t\t<\/div>\n\t\t<\/section>\n\t\t\t\t<section class=\"elementor-section elementor-top-section elementor-element elementor-element-395cae9 elementor-section-boxed elementor-section-height-default elementor-section-height-default\" data-id=\"395cae9\" data-element_type=\"section\">\n\t\t\t\t\t\t<div class=\"elementor-container elementor-column-gap-default\">\n\t\t\t\t\t<div class=\"elementor-column elementor-col-100 elementor-top-column elementor-element elementor-element-cab2cc3\" data-id=\"cab2cc3\" data-element_type=\"column\">\n\t\t\t<div class=\"elementor-widget-wrap elementor-element-populated\">\n\t\t\t\t\t\t\t\t<div class=\"elementor-element elementor-element-2d3353b elementor-widget elementor-widget-spacer\" data-id=\"2d3353b\" data-element_type=\"widget\" data-widget_type=\"spacer.default\">\n\t\t\t\t<div class=\"elementor-widget-container\">\n\t\t\t\t\t<div class=\"elementor-spacer\">\n\t\t\t<div class=\"elementor-spacer-inner\"><\/div>\n\t\t<\/div>\n\t\t\t\t<\/div>\n\t\t\t\t<\/div>\n\t\t\t\t\t<\/div>\n\t\t<\/div>\n\t\t\t\t\t\t\t<\/div>\n\t\t<\/section>\n\t\t\t\t<section class=\"elementor-section elementor-top-section elementor-element elementor-element-93f576e elementor-section-full_width elementor-section-height-default elementor-section-height-default\" data-id=\"93f576e\" data-element_type=\"section\">\n\t\t\t\t\t\t<div class=\"elementor-container elementor-column-gap-no\">\n\t\t\t\t\t<div class=\"elementor-column elementor-col-100 elementor-top-column elementor-element elementor-element-b80f099\" data-id=\"b80f099\" data-element_type=\"column\">\n\t\t\t<div class=\"elementor-widget-wrap elementor-element-populated\">\n\t\t\t\t\t\t\t\t<div class=\"elementor-element elementor-element-c49857d elementor-widget elementor-widget-wgl-text-path\" data-id=\"c49857d\" data-element_type=\"widget\" data-settings=\"{&quot;text&quot;:&quot;ALEX THE GREAT HEMP 100% ORGANIC CBD&quot;,&quot;divider_custom&quot;:&quot;\\u25cf&quot;,&quot;link&quot;:{&quot;url&quot;:&quot;&quot;,&quot;is_external&quot;:&quot;&quot;,&quot;nofollow&quot;:&quot;&quot;,&quot;custom_attributes&quot;:&quot;&quot;},&quot;animation_speed&quot;:30000,&quot;start_point&quot;:{&quot;unit&quot;:&quot;%&quot;,&quot;size&quot;:100,&quot;sizes&quot;:[]},&quot;start_point_laptop&quot;:{&quot;unit&quot;:&quot;px&quot;,&quot;size&quot;:&quot;&quot;,&quot;sizes&quot;:[]},&quot;start_point_tablet&quot;:{&quot;unit&quot;:&quot;px&quot;,&quot;size&quot;:&quot;&quot;,&quot;sizes&quot;:[]},&quot;start_point_mobile_extra&quot;:{&quot;unit&quot;:&quot;px&quot;,&quot;size&quot;:&quot;&quot;,&quot;sizes&quot;:[]},&quot;start_point_mobile&quot;:{&quot;unit&quot;:&quot;px&quot;,&quot;size&quot;:&quot;&quot;,&quot;sizes&quot;:[]},&quot;end_point&quot;:{&quot;unit&quot;:&quot;%&quot;,&quot;size&quot;:-10,&quot;sizes&quot;:[]},&quot;end_point_laptop&quot;:{&quot;unit&quot;:&quot;px&quot;,&quot;size&quot;:&quot;&quot;,&quot;sizes&quot;:[]},&quot;end_point_tablet&quot;:{&quot;unit&quot;:&quot;px&quot;,&quot;size&quot;:&quot;&quot;,&quot;sizes&quot;:[]},&quot;end_point_mobile_extra&quot;:{&quot;unit&quot;:&quot;px&quot;,&quot;size&quot;:&quot;&quot;,&quot;sizes&quot;:[]},&quot;end_point_mobile&quot;:{&quot;unit&quot;:&quot;px&quot;,&quot;size&quot;:&quot;&quot;,&quot;sizes&quot;:[]}}\" data-widget_type=\"wgl-text-path.default\">\n\t\t\t\t<div class=\"elementor-widget-container\">\n\t\t\t\t\t<div class=\"wgl-text-path loop_animation  clone_text add_divider stop_on_hover\" data-backspace-count=\"\" data-d-type=\"custom\" data-d-custom=\"\u25cf\" data-type-svg=\"wgl_line_simple\" data-text=\"ALEX THE GREAT HEMP 100% ORGANIC CBD\">\n\t\t\t<div class=\"simple_line\"><\/div>\t\t<\/div>\n\t\t\t\t<\/div>\n\t\t\t\t<\/div>\n\t\t\t\t\t<\/div>\n\t\t<\/div>\n\t\t\t\t\t\t\t<\/div>\n\t\t<\/section>\n\t\t\t\t\t\t\t<\/div>\n\t\t","protected":false},"excerpt":{"rendered":"<p>100% ORGANIC HEMP Contact KONOPLJA &#8211; Aleksandar \u017divkovi\u0107 s.p. Zgornja Ro\u010dica 11, 2233 SV. ANA V SLOVENSKIH GORICAH<\/p>\n","protected":false},"author":1,"featured_media":6713,"parent":0,"menu_order":0,"comment_status":"closed","ping_status":"closed","template":"","meta":{"footnotes":""},"class_list":["post-5522","page","type-page","status-publish","has-post-thumbnail","hentry"],"yoast_head":"<!-- This site is optimized with the Yoast SEO plugin v19.3 - https:\/\/yoast.com\/wordpress\/plugins\/seo\/ -->\n<title>CONTACT - Aleksander Rengeo - ALEX THE GREAT HEMP<\/title>\n<meta name=\"robots\" content=\"index, follow, max-snippet:-1, max-image-preview:large, max-video-preview:-1\" \/>\n<link rel=\"canonical\" href=\"https:\/\/alexgreathemp.com\/en\/contact\/\" \/>\n<meta property=\"og:locale\" content=\"en_US\" \/>\n<meta property=\"og:type\" content=\"article\" \/>\n<meta property=\"og:title\" content=\"CONTACT - Aleksander Rengeo - ALEX THE GREAT HEMP\" \/>\n<meta property=\"og:description\" content=\"100% ORGANIC HEMP Contact KONOPLJA &#8211; Aleksandar \u017divkovi\u0107 s.p. Zgornja Ro\u010dica 11, 2233 SV. ANA V SLOVENSKIH GORICAH\" \/>\n<meta property=\"og:url\" content=\"https:\/\/alexgreathemp.com\/en\/contact\/\" \/>\n<meta property=\"og:site_name\" content=\"ALEX THE GREAT HEMP\" \/>\n<meta property=\"article:modified_time\" content=\"2024-03-11T11:17:41+00:00\" \/>\n<meta property=\"og:image\" content=\"https:\/\/alexgreathemp.com\/en\/wp-content\/uploads\/2023\/08\/agh-ekofarm-aleksander-2-scaled.jpg\" \/>\n\t<meta property=\"og:image:width\" content=\"2560\" \/>\n\t<meta property=\"og:image:height\" content=\"1707\" \/>\n\t<meta property=\"og:image:type\" content=\"image\/jpeg\" \/>\n<meta name=\"twitter:card\" content=\"summary_large_image\" \/>\n<meta name=\"twitter:label1\" content=\"Est. reading time\" \/>\n\t<meta name=\"twitter:data1\" content=\"1 minute\" \/>\n<script type=\"application\/ld+json\" class=\"yoast-schema-graph\">{\"@context\":\"https:\/\/schema.org\",\"@graph\":[{\"@type\":\"WebSite\",\"@id\":\"https:\/\/alexgreathemp.com\/en\/#website\",\"url\":\"https:\/\/alexgreathemp.com\/en\/\",\"name\":\"ALEX THE GREAT HEMP\",\"description\":\"Kapljica cbd za bolj\u0161e po\u010dutje, umirjenost in globok spanec.\",\"potentialAction\":[{\"@type\":\"SearchAction\",\"target\":{\"@type\":\"EntryPoint\",\"urlTemplate\":\"https:\/\/alexgreathemp.com\/en\/?s={search_term_string}\"},\"query-input\":\"required name=search_term_string\"}],\"inLanguage\":\"en-US\"},{\"@type\":\"ImageObject\",\"inLanguage\":\"en-US\",\"@id\":\"https:\/\/alexgreathemp.com\/en\/contact\/#primaryimage\",\"url\":\"https:\/\/alexgreathemp.com\/en\/wp-content\/uploads\/2023\/08\/agh-ekofarm-aleksander-2-scaled.jpg\",\"contentUrl\":\"https:\/\/alexgreathemp.com\/en\/wp-content\/uploads\/2023\/08\/agh-ekofarm-aleksander-2-scaled.jpg\",\"width\":2560,\"height\":1707},{\"@type\":\"WebPage\",\"@id\":\"https:\/\/alexgreathemp.com\/en\/contact\/\",\"url\":\"https:\/\/alexgreathemp.com\/en\/contact\/\",\"name\":\"CONTACT - Aleksander Rengeo - ALEX THE GREAT HEMP\",\"isPartOf\":{\"@id\":\"https:\/\/alexgreathemp.com\/en\/#website\"},\"primaryImageOfPage\":{\"@id\":\"https:\/\/alexgreathemp.com\/en\/contact\/#primaryimage\"},\"datePublished\":\"2022-04-14T11:53:47+00:00\",\"dateModified\":\"2024-03-11T11:17:41+00:00\",\"breadcrumb\":{\"@id\":\"https:\/\/alexgreathemp.com\/en\/contact\/#breadcrumb\"},\"inLanguage\":\"en-US\",\"potentialAction\":[{\"@type\":\"ReadAction\",\"target\":[\"https:\/\/alexgreathemp.com\/en\/contact\/\"]}]},{\"@type\":\"BreadcrumbList\",\"@id\":\"https:\/\/alexgreathemp.com\/en\/contact\/#breadcrumb\",\"itemListElement\":[{\"@type\":\"ListItem\",\"position\":1,\"name\":\"Po\u010detna stranica\",\"item\":\"https:\/\/alexgreathemp.com\/en\/\"},{\"@type\":\"ListItem\",\"position\":2,\"name\":\"CONTACT &#8211; Aleksander Rengeo\"}]}]}<\/script>\n<!-- \/ Yoast SEO plugin. -->","yoast_head_json":{"title":"CONTACT - Aleksander Rengeo - ALEX THE GREAT HEMP","robots":{"index":"index","follow":"follow","max-snippet":"max-snippet:-1","max-image-preview":"max-image-preview:large","max-video-preview":"max-video-preview:-1"},"canonical":"https:\/\/alexgreathemp.com\/en\/contact\/","og_locale":"en_US","og_type":"article","og_title":"CONTACT - Aleksander Rengeo - ALEX THE GREAT HEMP","og_description":"100% ORGANIC HEMP Contact KONOPLJA &#8211; Aleksandar \u017divkovi\u0107 s.p. Zgornja Ro\u010dica 11, 2233 SV. ANA V SLOVENSKIH GORICAH","og_url":"https:\/\/alexgreathemp.com\/en\/contact\/","og_site_name":"ALEX THE GREAT HEMP","article_modified_time":"2024-03-11T11:17:41+00:00","og_image":[{"width":2560,"height":1707,"url":"https:\/\/alexgreathemp.com\/en\/wp-content\/uploads\/2023\/08\/agh-ekofarm-aleksander-2-scaled.jpg","type":"image\/jpeg"}],"twitter_card":"summary_large_image","twitter_misc":{"Est. reading time":"1 minute"},"schema":{"@context":"https:\/\/schema.org","@graph":[{"@type":"WebSite","@id":"https:\/\/alexgreathemp.com\/en\/#website","url":"https:\/\/alexgreathemp.com\/en\/","name":"ALEX THE GREAT HEMP","description":"Kapljica cbd za bolj\u0161e po\u010dutje, umirjenost in globok spanec.","potentialAction":[{"@type":"SearchAction","target":{"@type":"EntryPoint","urlTemplate":"https:\/\/alexgreathemp.com\/en\/?s={search_term_string}"},"query-input":"required name=search_term_string"}],"inLanguage":"en-US"},{"@type":"ImageObject","inLanguage":"en-US","@id":"https:\/\/alexgreathemp.com\/en\/contact\/#primaryimage","url":"https:\/\/alexgreathemp.com\/en\/wp-content\/uploads\/2023\/08\/agh-ekofarm-aleksander-2-scaled.jpg","contentUrl":"https:\/\/alexgreathemp.com\/en\/wp-content\/uploads\/2023\/08\/agh-ekofarm-aleksander-2-scaled.jpg","width":2560,"height":1707},{"@type":"WebPage","@id":"https:\/\/alexgreathemp.com\/en\/contact\/","url":"https:\/\/alexgreathemp.com\/en\/contact\/","name":"CONTACT - Aleksander Rengeo - ALEX THE GREAT HEMP","isPartOf":{"@id":"https:\/\/alexgreathemp.com\/en\/#website"},"primaryImageOfPage":{"@id":"https:\/\/alexgreathemp.com\/en\/contact\/#primaryimage"},"datePublished":"2022-04-14T11:53:47+00:00","dateModified":"2024-03-11T11:17:41+00:00","breadcrumb":{"@id":"https:\/\/alexgreathemp.com\/en\/contact\/#breadcrumb"},"inLanguage":"en-US","potentialAction":[{"@type":"ReadAction","target":["https:\/\/alexgreathemp.com\/en\/contact\/"]}]},{"@type":"BreadcrumbList","@id":"https:\/\/alexgreathemp.com\/en\/contact\/#breadcrumb","itemListElement":[{"@type":"ListItem","position":1,"name":"Po\u010detna stranica","item":"https:\/\/alexgreathemp.com\/en\/"},{"@type":"ListItem","position":2,"name":"CONTACT &#8211; Aleksander Rengeo"}]}]}},"_links":{"self":[{"href":"https:\/\/alexgreathemp.com\/en\/wp-json\/wp\/v2\/pages\/5522","targetHints":{"allow":["GET"]}}],"collection":[{"href":"https:\/\/alexgreathemp.com\/en\/wp-json\/wp\/v2\/pages"}],"about":[{"href":"https:\/\/alexgreathemp.com\/en\/wp-json\/wp\/v2\/types\/page"}],"author":[{"embeddable":true,"href":"https:\/\/alexgreathemp.com\/en\/wp-json\/wp\/v2\/users\/1"}],"replies":[{"embeddable":true,"href":"https:\/\/alexgreathemp.com\/en\/wp-json\/wp\/v2\/comments?post=5522"}],"version-history":[{"count":84,"href":"https:\/\/alexgreathemp.com\/en\/wp-json\/wp\/v2\/pages\/5522\/revisions"}],"predecessor-version":[{"id":7705,"href":"https:\/\/alexgreathemp.com\/en\/wp-json\/wp\/v2\/pages\/5522\/revisions\/7705"}],"wp:featuredmedia":[{"embeddable":true,"href":"https:\/\/alexgreathemp.com\/en\/wp-json\/wp\/v2\/media\/6713"}],"wp:attachment":[{"href":"https:\/\/alexgreathemp.com\/en\/wp-json\/wp\/v2\/media?parent=5522"}],"curies":[{"name":"wp","href":"https:\/\/api.w.org\/{rel}","templated":true}]}}